{"id":2031,"date":"2014-08-13T11:18:46","date_gmt":"2014-08-13T09:18:46","guid":{"rendered":"http:\/\/v2.havlova-veskrnova.com\/?page_id=2031"},"modified":"2020-07-29T10:16:51","modified_gmt":"2020-07-29T08:16:51","slug":"contact","status":"publish","type":"page","link":"https:\/\/www.havlova-veskrnova.com\/en\/contact\/","title":{"rendered":"Contact"},"content":{"rendered":"<h1>Contact<\/h1>\n<p class=\"barevny\"><strong>The Dagmar and V\u00e1clav Havel VIZE 97 Foundation<\/strong><\/p>\n<p>Vor\u0161ilsk\u00e1 10, 110 00 Praha 1<br \/>\nCzech Republic<br \/>\nTel.: +420 234 097 811<br \/>\nFax: +420 234 097\u00a0812<\/p>\n<p><a href=\"http:\/\/www.vize.cz\">www.vize.cz<\/a><\/p>\n<p><a href=\"http:\/\/www.facebook.com\/dagmar.havlova\">www.facebook.com\/dagmar.havlova<\/a><\/p>\n<p><a href=\"http:\/\/www.instagram.com\/dagmarhavlova_official\/\">www.instagram.com\/dagmarhavlova_official<\/a><\/p>\n<p><a href=\"mailto:nadace@vize.cz\">nadace@vize.cz<\/a><\/p>\n<p>Photo background by\u00a0Al\u017eb\u011bta Jungrov\u00e1<\/p>\n","protected":false},"excerpt":{"rendered":"<p>Contact The Dagmar and V\u00e1clav Havel VIZE 97 Foundation Vor\u0161ilsk\u00e1 10, 110 00 Praha 1 Czech Republic Tel.: +420 234&#8230;<\/p>\n","protected":false},"author":1,"featured_media":0,"parent":0,"menu_order":0,"comment_status":"open","ping_status":"open","template":"","meta":{"footnotes":""},"class_list":["post-2031","page","type-page","status-publish","hentry"],"_links":{"self":[{"href":"https:\/\/www.havlova-veskrnova.com\/en\/wp-json\/wp\/v2\/pages\/2031","targetHints":{"allow":["GET"]}}],"collection":[{"href":"https:\/\/www.havlova-veskrnova.com\/en\/wp-json\/wp\/v2\/pages"}],"about":[{"href":"https:\/\/www.havlova-veskrnova.com\/en\/wp-json\/wp\/v2\/types\/page"}],"author":[{"embeddable":true,"href":"https:\/\/www.havlova-veskrnova.com\/en\/wp-json\/wp\/v2\/users\/1"}],"replies":[{"embeddable":true,"href":"https:\/\/www.havlova-veskrnova.com\/en\/wp-json\/wp\/v2\/comments?post=2031"}],"version-history":[{"count":6,"href":"https:\/\/www.havlova-veskrnova.com\/en\/wp-json\/wp\/v2\/pages\/2031\/revisions"}],"predecessor-version":[{"id":3877,"href":"https:\/\/www.havlova-veskrnova.com\/en\/wp-json\/wp\/v2\/pages\/2031\/revisions\/3877"}],"wp:attachment":[{"href":"https:\/\/www.havlova-veskrnova.com\/en\/wp-json\/wp\/v2\/media?parent=2031"}],"curies":[{"name":"wp","href":"https:\/\/api.w.org\/{rel}","templated":true}]}}